{"id":11582,"date":"2025-09-04T02:31:19","date_gmt":"2025-09-04T02:31:19","guid":{"rendered":"https:\/\/buvei.com\/blog\/?page_id=11582"},"modified":"2025-09-04T02:31:19","modified_gmt":"2025-09-04T02:31:19","slug":"sobre","status":"publish","type":"page","link":"https:\/\/buvei.com\/blog\/pt\/sobre\/","title":{"rendered":"Sobre"},"content":{"rendered":"\r\n<h1 class=\"wp-block-heading has-text-align-center is-style-cs-heading-gradient\" style=\"margin-bottom: 64px; letter-spacing: -0.05em;\">Hey, \u00c9 um Prazer Conhec\u00ea-lo \ud83d\udc4b<\/h1>\r\n\r\n<div class=\"wp-block-group is-layout-constrained wp-container-core-group-is-layout-dadff608 wp-block-group-is-layout-constrained\" style=\"margin-bottom: 64px;\">\r\n<h2><img loading=\"lazy\" decoding=\"async\" class=\"aligncenter wp-image-11569 size-full\" src=\"https:\/\/wordpress.buvei.com\/wp-content\/uploads\/2025\/09\/\u80cc\u666f\u82f1\u65871-1280\u5bbd@1x.png\" alt=\"\" width=\"1280\" height=\"640\" srcset=\"https:\/\/wordpress.buvei.com\/wp-content\/uploads\/2025\/09\/\u80cc\u666f\u82f1\u65871-1280\u5bbd@1x.png 1280w, https:\/\/wordpress.buvei.com\/wp-content\/uploads\/2025\/09\/\u80cc\u666f\u82f1\u65871-1280\u5bbd@1x-300x150.png 300w, https:\/\/wordpress.buvei.com\/wp-content\/uploads\/2025\/09\/\u80cc\u666f\u82f1\u65871-1280\u5bbd@1x-1024x512.png 1024w, https:\/\/wordpress.buvei.com\/wp-content\/uploads\/2025\/09\/\u80cc\u666f\u82f1\u65871-1280\u5bbd@1x-768x384.png 768w, https:\/\/wordpress.buvei.com\/wp-content\/uploads\/2025\/09\/\u80cc\u666f\u82f1\u65871-1280\u5bbd@1x-400x200.png 400w, https:\/\/wordpress.buvei.com\/wp-content\/uploads\/2025\/09\/\u80cc\u666f\u82f1\u65871-1280\u5bbd@1x-800x400.png 800w, https:\/\/wordpress.buvei.com\/wp-content\/uploads\/2025\/09\/\u80cc\u666f\u82f1\u65871-1280\u5bbd@1x-832x416.png 832w, https:\/\/wordpress.buvei.com\/wp-content\/uploads\/2025\/09\/\u80cc\u666f\u82f1\u65871-1280\u5bbd@1x-1248x624.png 1248w\" sizes=\"auto, (max-width: 1280px) 100vw, 1280px\" \/><\/h2>\r\n<h2 class=\"acss-wqgl99\">Sobre a Buvei<\/h2>\r\nA <strong data-start=\"92\" data-end=\"101\">Buvei<\/strong> \u00e9 uma empresa dedicada a construir uma plataforma completa de gest\u00e3o de despesas, oferecendo solu\u00e7\u00f5es abrangentes para <strong data-start=\"221\" data-end=\"306\">gest\u00e3o de gastos, pagamentos de folha de pagamento e conformidade de funcion\u00e1rios<\/strong> para empresas no ecossistema <strong data-start=\"336\" data-end=\"357\">Web3 e blockchain<\/strong>.\r\n\r\n<\/div>\r\n<h2 class=\"acss-2mo13k\">Nossos Valores Fundamentais<\/h2>\r\n\r\n<div class=\"wp-block-group alignwide is-style-cs-about-page is-layout-grid wp-container-core-group-is-layout-846e4a26 wp-block-group-is-layout-grid\">\r\n<div class=\"wp-block-group has-white-background-color has-background\" style=\"border-radius: 16px; box-shadow: var(--wp--preset--shadow--standard); padding: 40px;\">\r\n<figure class=\"wp-block-image alignleft size-full is-resized\"><img decoding=\"async\" class=\"wp-image-486\" style=\"width: 40px;\" src=\"http:\/\/revision.codesupply.co\/revision\/wp-content\/uploads\/sites\/2\/2024\/10\/about-icon-001.webp\" alt=\"\" \/><\/figure>\r\n<h5 class=\"wp-block-heading has-text-align-left\" style=\"margin-top: 0px; margin-bottom: 8px; padding-top: 28px; text-align: left;\">Inova\u00e7\u00e3o como motor<\/h5>\r\n<p class=\"has-text-align-left has-secondary-color has-text-color has-link-color\" style=\"font-size: 16px; margin: 0px; text-align: left;\">Desafiamos constantemente os padr\u00f5es da ind\u00fastria, comprometidos em avan\u00e7ar na pesquisa e aplica\u00e7\u00e3o de tecnologias de ponta.<\/p>\r\n\r\n<\/div>\r\n<div class=\"wp-block-group has-white-background-color has-background\" style=\"border-radius: 16px; box-shadow: var(--wp--preset--shadow--standard); padding: 40px; text-align: left;\">\r\n<figure class=\"wp-block-image alignleft size-full is-resized\"><img decoding=\"async\" class=\"wp-image-487\" style=\"width: 40px;\" src=\"http:\/\/revision.codesupply.co\/revision\/wp-content\/uploads\/sites\/2\/2024\/10\/about-icon-002.webp\" alt=\"\" \/><\/figure>\r\n<h5 class=\"wp-block-heading has-text-align-left\" style=\"margin-top: 0px; margin-bottom: 8px; padding-top: 28px;\">Integridade &amp; Transpar\u00eancia<\/h5>\r\n<p class=\"has-text-align-left has-secondary-color has-text-color has-link-color\" style=\"font-size: 16px; margin: 0px;\">A integridade \u00e9 a nossa base, e a comunica\u00e7\u00e3o transparente \u00e9 a pedra angular do nosso trabalho.<\/p>\r\n\r\n<\/div>\r\n<\/div>\r\n<div class=\"wp-block-group alignwide is-style-cs-about-page\">\r\n<div class=\"wp-block-group has-white-background-color has-background\" style=\"border-radius: 16px; box-shadow: var(--wp--preset--shadow--standard); padding: 40px; text-align: left;\">\r\n<figure class=\"wp-block-image alignleft size-full is-resized\"><img decoding=\"async\" class=\"wp-image-488\" style=\"width: 40px;\" src=\"http:\/\/revision.codesupply.co\/revision\/wp-content\/uploads\/sites\/2\/2024\/10\/about-icon-003.webp\" alt=\"\" \/><\/figure>\r\n<h5 class=\"wp-block-heading has-text-align-left\" style=\"margin-top: 0px; margin-bottom: 8px; padding-top: 28px;\">Colabora\u00e7\u00e3o &amp; Apoio<\/h5>\r\n<p data-start=\"684\" data-end=\"831\">\u00a0 \u00a0 \u00a0 \u00a0 \u00a0 \u00a0 \u00a0 Na Buvei, valorizamos o trabalho em equipe e acreditamos que a colabora\u00e7\u00e3o \u00e9 essencial para alcan\u00e7ar grandes objetivos.<\/p>\r\n<p data-start=\"833\" data-end=\"988\"><\/p>\r\n\r\n<\/div>\r\n<div class=\"wp-block-group has-white-background-color has-background\" style=\"border-radius: 16px; box-shadow: var(--wp--preset--shadow--standard); padding: 40px;\">\r\n<figure class=\"wp-block-image alignleft size-full is-resized\"><img decoding=\"async\" class=\"wp-image-487\" style=\"width: 40px;\" src=\"http:\/\/revision.codesupply.co\/revision\/wp-content\/uploads\/sites\/2\/2024\/10\/about-icon-002.webp\" alt=\"\" \/><\/figure>\r\n<h5 class=\"wp-block-heading has-text-align-left\" style=\"margin-top: 0px; margin-bottom: 8px; padding-top: 28px; text-align: left;\">Cliente em Primeiro Lugar<\/h5>\r\n<p class=\"has-text-align-left has-secondary-color has-text-color has-link-color\" style=\"font-size: 16px; margin: 0px; text-align: left;\">Mantemos o foco em criar o m\u00e1ximo valor para nossos clientes, garantindo que cada um tenha a melhor experi\u00eancia poss\u00edvel.<\/p>\r\n\r\n<\/div>\r\n<\/div>\r\n","protected":false},"excerpt":{"rendered":"Hey, \u00c9 um Prazer Conhec\u00ea-lo \ud83d\udc4b Sobre a Buvei A Buvei \u00e9 uma empresa dedicada a construir uma&hellip;","protected":false},"author":2,"featured_media":0,"parent":0,"menu_order":0,"comment_status":"closed","ping_status":"closed","template":"","meta":{"csco_singular_sidebar":"","csco_page_header_type":"","csco_page_load_nextpost":""},"class_list":{"0":"post-11582","1":"page","2":"type-page","3":"status-publish","5":"cs-entry"},"aioseo_notices":[],"_links":{"self":[{"href":"https:\/\/buvei.com\/blog\/wp-json\/wp\/v2\/pages\/11582","targetHints":{"allow":["GET"]}}],"collection":[{"href":"https:\/\/buvei.com\/blog\/wp-json\/wp\/v2\/pages"}],"about":[{"href":"https:\/\/buvei.com\/blog\/wp-json\/wp\/v2\/types\/page"}],"author":[{"embeddable":true,"href":"https:\/\/buvei.com\/blog\/wp-json\/wp\/v2\/users\/2"}],"replies":[{"embeddable":true,"href":"https:\/\/buvei.com\/blog\/wp-json\/wp\/v2\/comments?post=11582"}],"version-history":[{"count":0,"href":"https:\/\/buvei.com\/blog\/wp-json\/wp\/v2\/pages\/11582\/revisions"}],"wp:attachment":[{"href":"https:\/\/buvei.com\/blog\/wp-json\/wp\/v2\/media?parent=11582"}],"curies":[{"name":"wp","href":"https:\/\/api.w.org\/{rel}","templated":true}]}}